{"id":8806,"date":"2024-11-29T15:14:38","date_gmt":"2024-11-29T14:14:38","guid":{"rendered":"https:\/\/babyandchild.nl\/taal-in-het-babybrein\/doel-van-het-onderzoek-copy\/"},"modified":"2024-12-05T10:41:54","modified_gmt":"2024-12-05T09:41:54","slug":"extra-informatie-over-deel-2-en-3-van-de-eeg-meting","status":"publish","type":"page","link":"https:\/\/babyandchild.nl\/en\/taal-in-het-babybrein\/extra-informatie-over-deel-2-en-3-van-de-eeg-meting\/","title":{"rendered":"Extra informatie over deel 2 en 3 van de EEG-meting"},"content":{"rendered":"<div data-elementor-type=\"wp-page\" data-elementor-id=\"8806\" class=\"elementor elementor-8806\" data-elementor-post-type=\"page\">\n\t\t\t\t\t\t<section class=\"elementor-section elementor-top-section elementor-element elementor-element-e71860d elementor-section-boxed elementor-section-height-default elementor-section-height-default\" data-id=\"e71860d\" data-element_type=\"section\" data-e-type=\"section\">\n\t\t\t\t\t\t<div class=\"elementor-container elementor-column-gap-default\">\n\t\t\t\t\t<div class=\"elementor-column elementor-col-100 elementor-top-column elementor-element elementor-element-1da4d375\" data-id=\"1da4d375\" data-element_type=\"column\" data-e-type=\"column\">\n\t\t\t<div class=\"elementor-widget-wrap elementor-element-populated\">\n\t\t\t\t\t\t<div class=\"elementor-element elementor-element-a596b7f elementor-widget elementor-widget-text-editor\" data-id=\"a596b7f\" data-element_type=\"widget\" data-e-type=\"widget\" data-widget_type=\"text-editor.default\">\n\t\t\t\t<div class=\"elementor-widget-container\">\n\t\t\t\t\t\t\t\t\t<p>De EEG-data van deel 2 en deel 3 zijn nog niet geanalyseerd. We kunnen jullie dus nog geen resultaten laten zien, maar we kunnen <em>wel<\/em> vertellen wat we verwachten\/hopen te vinden!<\/p>\t\t\t\t\t\t\t\t<\/div>\n\t\t\t\t<\/div>\n\t\t\t\t<div class=\"elementor-element elementor-element-62ec6be3 elementor-widget__width-initial elementor-widget elementor-widget-text-editor\" data-id=\"62ec6be3\" data-element_type=\"widget\" data-e-type=\"widget\" data-widget_type=\"text-editor.default\">\n\t\t\t\t<div class=\"elementor-widget-container\">\n\t\t\t\t\t\t\t\t\t<h5><strong>Deel 2 \u2013 Nijntje verhaaltjes<\/strong><\/h5><p>Bij het tweede deel van de EEG-sessie kijken we of het brein het ritme van de Nederlandse taal al een beetje kan volgen.<\/p><p>Als jonge baby\u2019s luisteren naar de Nederlandse taal, dan horen ze eigenlijk alleen een constante stroom van geluiden en klanken. Ze begrijpen nog niet wat er wordt gezegd en ze kunnen nog niet horen waar bijvoorbeeld het ene woord begint, en het andere woord weer eindigt. Maar rond 9 maanden leren ze langzamerhand om allemaal losse woordjes te herkennen uit die constante stroom van geluiden. Dat noemen we ook wel leren van het ritme van de taal. Wordt het ritme van een taal versterkt door rijm, zoals bij de verhaaltjes van Nijntje, dan is het nog makkelijker voor kinderen om de losse woordjes te herkennen!<\/p>\t\t\t\t\t\t\t\t<\/div>\n\t\t\t\t<\/div>\n\t\t\t\t<div class=\"elementor-element elementor-element-63e70db elementor-widget elementor-widget-text-editor\" data-id=\"63e70db\" data-element_type=\"widget\" data-e-type=\"widget\" data-widget_type=\"text-editor.default\">\n\t\t\t\t<div class=\"elementor-widget-container\">\n\t\t\t\t\t\t\t\t\t<p>Wij zijn heel benieuwd of we met de EEG-metingen bij 6, 9 en 12 maanden ook duidelijke verschillen kunnen vinden. Kunnen 9 en 12 maanden oude baby\u2019s het ritme van de taal al beter volgen dan 6 maanden oude baby\u2019s?<\/p>\t\t\t\t\t\t\t\t<\/div>\n\t\t\t\t<\/div>\n\t\t\t\t<div class=\"elementor-element elementor-element-288d606 elementor-absolute dce_masking-none elementor-widget elementor-widget-image\" data-id=\"288d606\" data-element_type=\"widget\" data-e-type=\"widget\" data-settings=\"{&quot;_position&quot;:&quot;absolute&quot;}\" data-widget_type=\"image.default\">\n\t\t\t\t<div class=\"elementor-widget-container\">\n\t\t\t\t\t\t\t\t\t\t\t\t\t\t\t<img fetchpriority=\"high\" decoding=\"async\" width=\"200\" height=\"300\" src=\"https:\/\/babyandchild.nl\/wp-content\/uploads\/2024\/11\/23-200x300.jpg\" class=\"attachment-medium size-medium wp-image-8824\" alt=\"\" srcset=\"https:\/\/babyandchild.nl\/wp-content\/uploads\/2024\/11\/23-200x300.jpg 200w, https:\/\/babyandchild.nl\/wp-content\/uploads\/2024\/11\/23-683x1024.jpg 683w, https:\/\/babyandchild.nl\/wp-content\/uploads\/2024\/11\/23-768x1152.jpg 768w, https:\/\/babyandchild.nl\/wp-content\/uploads\/2024\/11\/23-1024x1536.jpg 1024w, https:\/\/babyandchild.nl\/wp-content\/uploads\/2024\/11\/23-1365x2048.jpg 1365w, https:\/\/babyandchild.nl\/wp-content\/uploads\/2024\/11\/23-8x12.jpg 8w, https:\/\/babyandchild.nl\/wp-content\/uploads\/2024\/11\/23-scaled.jpg 1706w\" sizes=\"(max-width: 200px) 100vw, 200px\" \/>\t\t\t\t\t\t\t\t\t\t\t\t\t\t\t<\/div>\n\t\t\t\t<\/div>\n\t\t\t\t<div class=\"elementor-element elementor-element-168cc1d elementor-widget elementor-widget-text-editor\" data-id=\"168cc1d\" data-element_type=\"widget\" data-e-type=\"widget\" data-widget_type=\"text-editor.default\">\n\t\t\t\t<div class=\"elementor-widget-container\">\n\t\t\t\t\t\t\t\t\t<h5><strong>Deel 3 \u2013 pa pa pa pa<\/strong><\/h5><p>Bij het derde deel van de EEG-sessie kijken we of baby\u2019s nog in staat zijn om verschillen te horen tussen klanken die wel <em>en<\/em> niet voorkomen in de Nederlandse taal. Om dit te kunnen onderzoeken lieten we alle baby\u2019s luisteren naar een lange reeks van \u201cpa\u201d klanken, zoals deze:<\/p><p>\u00a0\u201cpa\u201d \u2013 \u201cpa\u201d \u2013 \u201cpa\u201d \u2013 \u201cpa\u201d \u2013 \u201cpa\u201d \u2013 \u201cpa\u201d.<\/p><p>Soms kwam er dan plotseling ook een \u201cba\u201d klank tussendoor. Je brein denkt dan misschien wel: \u201cHee! Dat is een andere klank! Dat is verrassend om te horen.\u201d En met behulp van een EEG-meting kunnen wij dit verrassingseffect in je brein meten.<\/p><p>Maar wist je dat we soms ook stiekem een \u201cpha\u201d klanken hadden verstopt tussen alle \u201cpa\u201d-klanken? De \u201cpha\u201d-klank is een klank die niet voorkomt in de Nederlandse taal. De meeste Nederlanders zijn dan ook niet meer in staat om het verschil tussen \u201cpa\u201d en \u201cpha\u201d te horen. Voor ons klinkt dit gewoon als dezelfde klank!<\/p><p>Maar voor jonge baby\u2019s geldt dit niet. Vanaf de geboorte kunnen baby\u2019s nog verschillen horen tussen klanken uit alle talen van de wereld. Dat is ook wel zo fijn, want baby\u2019s moeten in principe elke moedertaal kunnen leren. In de loop van het eerste levensjaar verandert dit. Baby\u2019s gaan zich richten op de klanken van de talen die zij het meeste om zich heen horen. Zo leren Nederlandse baby\u2019s dat de klanken \u201cpa\u201d en \u201cba\u201d veel voorkomen in de Nederlandse taal. En daarom kunnen zij (en wij als volwassenen) bijvoorbeeld ook prima het verschil horen tussen de woorden \u201cpaard\u201d en \u201cbaard\u201d.<\/p><p>In de EEG-resultaten verwachten wij te kunnen zien dat de 6 maanden oude baby\u2019s nog wel in staat zijn om de verschillen te horen tussen \u201cpa\u201d, \u201cba\u201d en \u201cpha\u201d. Bij de 9 maanden oude baby\u2019s kunnen sommigen het verschil misschien nog wel horen, maar sommigen ook niet. En de 12 maanden oude baby\u2019s horen waarschijnlijk alleen nog maar het verschil tussen \u201cpa\u201d en \u201cba\u201d.\u00a0<\/p><p>Op de afbeelding hieronder (<strong>Figuur 1<\/strong>) laten we een voorbeeld zien. Je ziet twee blauwe lijnen lopen, \u00e9\u00e9n bij 6 maanden en \u00e9\u00e9n bij 12 maanden. Deze blauwe lijnen lijken een beetje op een EEG-signaal. Onder de blauwe lijnen zie je de verschillende klanken staan: \u201cpa\u201d, \u201cba\u201d en \u201cpha\u201d.<\/p><p>Als er een verrassingseffect aanwezig is, dan kun je dat op dit plaatje zien in de vorm van een kleine piek in het EEG-signaal.<\/p><p>Bij het EEG-signaal van een 6-maanden oude baby zien we dan nog wel een piekje bij de klank \u201cpha\u201d, maar bij het EEG-signaal van de 12-maanden oude baby is deze piek verdwenen. De baby\u2019s van 12 maanden oud kunnen dus niet meer het verschil horen tussen \u201cpa\u201d en \u201cpha\u201d!<\/p>\t\t\t\t\t\t\t\t<\/div>\n\t\t\t\t<\/div>\n\t\t\t\t<div class=\"elementor-element elementor-element-eecaf6f dce_masking-none elementor-widget elementor-widget-image\" data-id=\"eecaf6f\" data-element_type=\"widget\" data-e-type=\"widget\" data-widget_type=\"image.default\">\n\t\t\t\t<div class=\"elementor-widget-container\">\n\t\t\t\t\t\t\t\t\t\t\t\t\t\t\t<img decoding=\"async\" width=\"800\" height=\"351\" src=\"https:\/\/babyandchild.nl\/wp-content\/uploads\/2024\/11\/EEG-line-with-pa-and-ba-1024x449.png\" class=\"attachment-large size-large wp-image-8808\" alt=\"\" srcset=\"https:\/\/babyandchild.nl\/wp-content\/uploads\/2024\/11\/EEG-line-with-pa-and-ba-1024x449.png 1024w, https:\/\/babyandchild.nl\/wp-content\/uploads\/2024\/11\/EEG-line-with-pa-and-ba-300x132.png 300w, https:\/\/babyandchild.nl\/wp-content\/uploads\/2024\/11\/EEG-line-with-pa-and-ba-768x337.png 768w, https:\/\/babyandchild.nl\/wp-content\/uploads\/2024\/11\/EEG-line-with-pa-and-ba-1536x674.png 1536w, https:\/\/babyandchild.nl\/wp-content\/uploads\/2024\/11\/EEG-line-with-pa-and-ba-18x8.png 18w, https:\/\/babyandchild.nl\/wp-content\/uploads\/2024\/11\/EEG-line-with-pa-and-ba.png 1559w\" sizes=\"(max-width: 800px) 100vw, 800px\" \/>\t\t\t\t\t\t\t\t\t\t\t\t\t\t\t<\/div>\n\t\t\t\t<\/div>\n\t\t\t\t\t<\/div>\n\t\t<\/div>\n\t\t\t\t\t<\/div>\n\t\t<\/section>\n\t\t\t\t<\/div>","protected":false},"excerpt":{"rendered":"<p>De EEG-data van deel 2 en deel 3 zijn nog niet geanalyseerd. We kunnen jullie dus nog geen resultaten laten zien, maar we kunnen wel vertellen wat we verwachten\/hopen te vinden! Deel 2 \u2013 Nijntje verhaaltjes Bij het tweede deel van de EEG-sessie kijken we of het brein het ritme van de Nederlandse taal al [&hellip;]<\/p>\n","protected":false},"author":10,"featured_media":0,"parent":4174,"menu_order":0,"comment_status":"closed","ping_status":"closed","template":"","meta":{"_acf_changed":false,"footnotes":""},"class_list":["post-8806","page","type-page","status-publish","hentry"],"acf":[],"yoast_head":"<!-- This site is optimized with the Yoast SEO plugin v27.3 - https:\/\/yoast.com\/product\/yoast-seo-wordpress\/ -->\n<title>Extra informatie over deel 2 en 3 van de EEG-meting - Baby &amp; Child Research Center<\/title>\n<meta name=\"robots\" content=\"index, follow, max-snippet:-1, max-image-preview:large, max-video-preview:-1\" \/>\n<link rel=\"canonical\" href=\"https:\/\/babyandchild.nl\/en\/taal-in-het-babybrein\/extra-informatie-over-deel-2-en-3-van-de-eeg-meting\/\" \/>\n<meta property=\"og:locale\" content=\"en_GB\" \/>\n<meta property=\"og:type\" content=\"article\" \/>\n<meta property=\"og:title\" content=\"Extra informatie over deel 2 en 3 van de EEG-meting - Baby &amp; Child Research Center\" \/>\n<meta property=\"og:description\" content=\"De EEG-data van deel 2 en deel 3 zijn nog niet geanalyseerd. We kunnen jullie dus nog geen resultaten laten zien, maar we kunnen wel vertellen wat we verwachten\/hopen te vinden! Deel 2 \u2013 Nijntje verhaaltjes Bij het tweede deel van de EEG-sessie kijken we of het brein het ritme van de Nederlandse taal al [&hellip;]\" \/>\n<meta property=\"og:url\" content=\"https:\/\/babyandchild.nl\/en\/taal-in-het-babybrein\/extra-informatie-over-deel-2-en-3-van-de-eeg-meting\/\" \/>\n<meta property=\"og:site_name\" content=\"Baby &amp; Child Research Center\" \/>\n<meta property=\"article:modified_time\" content=\"2024-12-05T09:41:54+00:00\" \/>\n<meta property=\"og:image\" content=\"http:\/\/babyandchild.nl\/wp-content\/uploads\/2024\/11\/23-200x300.jpg\" \/>\n<meta name=\"twitter:card\" content=\"summary_large_image\" \/>\n<meta name=\"twitter:label1\" content=\"Estimated reading time\" \/>\n\t<meta name=\"twitter:data1\" content=\"4 minutes\" \/>\n<script type=\"application\/ld+json\" class=\"yoast-schema-graph\">{\"@context\":\"https:\\\/\\\/schema.org\",\"@graph\":[{\"@type\":\"WebPage\",\"@id\":\"https:\\\/\\\/babyandchild.nl\\\/taal-in-het-babybrein\\\/extra-informatie-over-deel-2-en-3-van-de-eeg-meting\\\/\",\"url\":\"https:\\\/\\\/babyandchild.nl\\\/taal-in-het-babybrein\\\/extra-informatie-over-deel-2-en-3-van-de-eeg-meting\\\/\",\"name\":\"Extra informatie over deel 2 en 3 van de EEG-meting - Baby &amp; Child Research Center\",\"isPartOf\":{\"@id\":\"https:\\\/\\\/babyandchild.nl\\\/#website\"},\"primaryImageOfPage\":{\"@id\":\"https:\\\/\\\/babyandchild.nl\\\/taal-in-het-babybrein\\\/extra-informatie-over-deel-2-en-3-van-de-eeg-meting\\\/#primaryimage\"},\"image\":{\"@id\":\"https:\\\/\\\/babyandchild.nl\\\/taal-in-het-babybrein\\\/extra-informatie-over-deel-2-en-3-van-de-eeg-meting\\\/#primaryimage\"},\"thumbnailUrl\":\"http:\\\/\\\/babyandchild.nl\\\/wp-content\\\/uploads\\\/2024\\\/11\\\/23-200x300.jpg\",\"datePublished\":\"2024-11-29T14:14:38+00:00\",\"dateModified\":\"2024-12-05T09:41:54+00:00\",\"breadcrumb\":{\"@id\":\"https:\\\/\\\/babyandchild.nl\\\/taal-in-het-babybrein\\\/extra-informatie-over-deel-2-en-3-van-de-eeg-meting\\\/#breadcrumb\"},\"inLanguage\":\"en-GB\",\"potentialAction\":[{\"@type\":\"ReadAction\",\"target\":[\"https:\\\/\\\/babyandchild.nl\\\/taal-in-het-babybrein\\\/extra-informatie-over-deel-2-en-3-van-de-eeg-meting\\\/\"]}]},{\"@type\":\"ImageObject\",\"inLanguage\":\"en-GB\",\"@id\":\"https:\\\/\\\/babyandchild.nl\\\/taal-in-het-babybrein\\\/extra-informatie-over-deel-2-en-3-van-de-eeg-meting\\\/#primaryimage\",\"url\":\"http:\\\/\\\/babyandchild.nl\\\/wp-content\\\/uploads\\\/2024\\\/11\\\/23-200x300.jpg\",\"contentUrl\":\"http:\\\/\\\/babyandchild.nl\\\/wp-content\\\/uploads\\\/2024\\\/11\\\/23-200x300.jpg\"},{\"@type\":\"BreadcrumbList\",\"@id\":\"https:\\\/\\\/babyandchild.nl\\\/taal-in-het-babybrein\\\/extra-informatie-over-deel-2-en-3-van-de-eeg-meting\\\/#breadcrumb\",\"itemListElement\":[{\"@type\":\"ListItem\",\"position\":1,\"name\":\"Home\",\"item\":\"https:\\\/\\\/babyandchild.nl\\\/\"},{\"@type\":\"ListItem\",\"position\":2,\"name\":\"Taal in het Babybrein Onderzoek\",\"item\":\"https:\\\/\\\/babyandchild.nl\\\/taal-in-het-babybrein\\\/\"},{\"@type\":\"ListItem\",\"position\":3,\"name\":\"Extra informatie over deel 2 en 3 van de EEG-meting\"}]},{\"@type\":\"WebSite\",\"@id\":\"https:\\\/\\\/babyandchild.nl\\\/#website\",\"url\":\"https:\\\/\\\/babyandchild.nl\\\/\",\"name\":\"Baby &amp; Child Research Center\",\"description\":\"\",\"publisher\":{\"@id\":\"https:\\\/\\\/babyandchild.nl\\\/#organization\"},\"potentialAction\":[{\"@type\":\"SearchAction\",\"target\":{\"@type\":\"EntryPoint\",\"urlTemplate\":\"https:\\\/\\\/babyandchild.nl\\\/?s={search_term_string}\"},\"query-input\":{\"@type\":\"PropertyValueSpecification\",\"valueRequired\":true,\"valueName\":\"search_term_string\"}}],\"inLanguage\":\"en-GB\"},{\"@type\":\"Organization\",\"@id\":\"https:\\\/\\\/babyandchild.nl\\\/#organization\",\"name\":\"Baby &amp; Child Research Center\",\"url\":\"https:\\\/\\\/babyandchild.nl\\\/\",\"logo\":{\"@type\":\"ImageObject\",\"inLanguage\":\"en-GB\",\"@id\":\"https:\\\/\\\/babyandchild.nl\\\/#\\\/schema\\\/logo\\\/image\\\/\",\"url\":\"https:\\\/\\\/babyandchild.nl\\\/wp-content\\\/uploads\\\/2021\\\/04\\\/babyandchild-logo.svg\",\"contentUrl\":\"https:\\\/\\\/babyandchild.nl\\\/wp-content\\\/uploads\\\/2021\\\/04\\\/babyandchild-logo.svg\",\"caption\":\"Baby &amp; Child Research Center\"},\"image\":{\"@id\":\"https:\\\/\\\/babyandchild.nl\\\/#\\\/schema\\\/logo\\\/image\\\/\"}}]}<\/script>\n<!-- \/ Yoast SEO plugin. -->","yoast_head_json":{"title":"Extra informatie over deel 2 en 3 van de EEG-meting - Baby &amp; Child Research Center","robots":{"index":"index","follow":"follow","max-snippet":"max-snippet:-1","max-image-preview":"max-image-preview:large","max-video-preview":"max-video-preview:-1"},"canonical":"https:\/\/babyandchild.nl\/en\/taal-in-het-babybrein\/extra-informatie-over-deel-2-en-3-van-de-eeg-meting\/","og_locale":"en_GB","og_type":"article","og_title":"Extra informatie over deel 2 en 3 van de EEG-meting - Baby &amp; Child Research Center","og_description":"De EEG-data van deel 2 en deel 3 zijn nog niet geanalyseerd. We kunnen jullie dus nog geen resultaten laten zien, maar we kunnen wel vertellen wat we verwachten\/hopen te vinden! Deel 2 \u2013 Nijntje verhaaltjes Bij het tweede deel van de EEG-sessie kijken we of het brein het ritme van de Nederlandse taal al [&hellip;]","og_url":"https:\/\/babyandchild.nl\/en\/taal-in-het-babybrein\/extra-informatie-over-deel-2-en-3-van-de-eeg-meting\/","og_site_name":"Baby &amp; Child Research Center","article_modified_time":"2024-12-05T09:41:54+00:00","og_image":[{"url":"http:\/\/babyandchild.nl\/wp-content\/uploads\/2024\/11\/23-200x300.jpg","type":"","width":"","height":""}],"twitter_card":"summary_large_image","twitter_misc":{"Estimated reading time":"4 minutes"},"schema":{"@context":"https:\/\/schema.org","@graph":[{"@type":"WebPage","@id":"https:\/\/babyandchild.nl\/taal-in-het-babybrein\/extra-informatie-over-deel-2-en-3-van-de-eeg-meting\/","url":"https:\/\/babyandchild.nl\/taal-in-het-babybrein\/extra-informatie-over-deel-2-en-3-van-de-eeg-meting\/","name":"Extra informatie over deel 2 en 3 van de EEG-meting - Baby &amp; Child Research Center","isPartOf":{"@id":"https:\/\/babyandchild.nl\/#website"},"primaryImageOfPage":{"@id":"https:\/\/babyandchild.nl\/taal-in-het-babybrein\/extra-informatie-over-deel-2-en-3-van-de-eeg-meting\/#primaryimage"},"image":{"@id":"https:\/\/babyandchild.nl\/taal-in-het-babybrein\/extra-informatie-over-deel-2-en-3-van-de-eeg-meting\/#primaryimage"},"thumbnailUrl":"http:\/\/babyandchild.nl\/wp-content\/uploads\/2024\/11\/23-200x300.jpg","datePublished":"2024-11-29T14:14:38+00:00","dateModified":"2024-12-05T09:41:54+00:00","breadcrumb":{"@id":"https:\/\/babyandchild.nl\/taal-in-het-babybrein\/extra-informatie-over-deel-2-en-3-van-de-eeg-meting\/#breadcrumb"},"inLanguage":"en-GB","potentialAction":[{"@type":"ReadAction","target":["https:\/\/babyandchild.nl\/taal-in-het-babybrein\/extra-informatie-over-deel-2-en-3-van-de-eeg-meting\/"]}]},{"@type":"ImageObject","inLanguage":"en-GB","@id":"https:\/\/babyandchild.nl\/taal-in-het-babybrein\/extra-informatie-over-deel-2-en-3-van-de-eeg-meting\/#primaryimage","url":"http:\/\/babyandchild.nl\/wp-content\/uploads\/2024\/11\/23-200x300.jpg","contentUrl":"http:\/\/babyandchild.nl\/wp-content\/uploads\/2024\/11\/23-200x300.jpg"},{"@type":"BreadcrumbList","@id":"https:\/\/babyandchild.nl\/taal-in-het-babybrein\/extra-informatie-over-deel-2-en-3-van-de-eeg-meting\/#breadcrumb","itemListElement":[{"@type":"ListItem","position":1,"name":"Home","item":"https:\/\/babyandchild.nl\/"},{"@type":"ListItem","position":2,"name":"Taal in het Babybrein Onderzoek","item":"https:\/\/babyandchild.nl\/taal-in-het-babybrein\/"},{"@type":"ListItem","position":3,"name":"Extra informatie over deel 2 en 3 van de EEG-meting"}]},{"@type":"WebSite","@id":"https:\/\/babyandchild.nl\/#website","url":"https:\/\/babyandchild.nl\/","name":"Baby &amp; Child Research Center","description":"","publisher":{"@id":"https:\/\/babyandchild.nl\/#organization"},"potentialAction":[{"@type":"SearchAction","target":{"@type":"EntryPoint","urlTemplate":"https:\/\/babyandchild.nl\/?s={search_term_string}"},"query-input":{"@type":"PropertyValueSpecification","valueRequired":true,"valueName":"search_term_string"}}],"inLanguage":"en-GB"},{"@type":"Organization","@id":"https:\/\/babyandchild.nl\/#organization","name":"Baby &amp; Child Research Center","url":"https:\/\/babyandchild.nl\/","logo":{"@type":"ImageObject","inLanguage":"en-GB","@id":"https:\/\/babyandchild.nl\/#\/schema\/logo\/image\/","url":"https:\/\/babyandchild.nl\/wp-content\/uploads\/2021\/04\/babyandchild-logo.svg","contentUrl":"https:\/\/babyandchild.nl\/wp-content\/uploads\/2021\/04\/babyandchild-logo.svg","caption":"Baby &amp; Child Research Center"},"image":{"@id":"https:\/\/babyandchild.nl\/#\/schema\/logo\/image\/"}}]}},"_links":{"self":[{"href":"https:\/\/babyandchild.nl\/en\/wp-json\/wp\/v2\/pages\/8806","targetHints":{"allow":["GET"]}}],"collection":[{"href":"https:\/\/babyandchild.nl\/en\/wp-json\/wp\/v2\/pages"}],"about":[{"href":"https:\/\/babyandchild.nl\/en\/wp-json\/wp\/v2\/types\/page"}],"author":[{"embeddable":true,"href":"https:\/\/babyandchild.nl\/en\/wp-json\/wp\/v2\/users\/10"}],"replies":[{"embeddable":true,"href":"https:\/\/babyandchild.nl\/en\/wp-json\/wp\/v2\/comments?post=8806"}],"version-history":[{"count":19,"href":"https:\/\/babyandchild.nl\/en\/wp-json\/wp\/v2\/pages\/8806\/revisions"}],"predecessor-version":[{"id":8906,"href":"https:\/\/babyandchild.nl\/en\/wp-json\/wp\/v2\/pages\/8806\/revisions\/8906"}],"up":[{"embeddable":true,"href":"https:\/\/babyandchild.nl\/en\/wp-json\/wp\/v2\/pages\/4174"}],"wp:attachment":[{"href":"https:\/\/babyandchild.nl\/en\/wp-json\/wp\/v2\/media?parent=8806"}],"curies":[{"name":"wp","href":"https:\/\/api.w.org\/{rel}","templated":true}]}}