{"id":8786,"date":"2024-11-25T16:18:25","date_gmt":"2024-11-25T15:18:25","guid":{"rendered":"https:\/\/babyandchild.nl\/taal-in-het-babybrein\/doel-van-het-onderzoek-copy\/"},"modified":"2024-12-05T10:35:37","modified_gmt":"2024-12-05T09:35:37","slug":"extra-informatie-over-de-eeg-meting-bij-het-brein-in-rust","status":"publish","type":"page","link":"https:\/\/babyandchild.nl\/en\/taal-in-het-babybrein\/extra-informatie-over-de-eeg-meting-bij-het-brein-in-rust\/","title":{"rendered":"Extra informatie over de EEG-meting bij het brein in rust"},"content":{"rendered":"<div data-elementor-type=\"wp-page\" data-elementor-id=\"8786\" class=\"elementor elementor-8786\" data-elementor-post-type=\"page\">\n\t\t\t\t\t\t<section class=\"elementor-section elementor-top-section elementor-element elementor-element-e71860d elementor-section-boxed elementor-section-height-default elementor-section-height-default\" data-id=\"e71860d\" data-element_type=\"section\" data-e-type=\"section\">\n\t\t\t\t\t\t<div class=\"elementor-container elementor-column-gap-default\">\n\t\t\t\t\t<div class=\"elementor-column elementor-col-100 elementor-top-column elementor-element elementor-element-1da4d375\" data-id=\"1da4d375\" data-element_type=\"column\" data-e-type=\"column\">\n\t\t\t<div class=\"elementor-widget-wrap elementor-element-populated\">\n\t\t\t\t\t\t<div class=\"elementor-element elementor-element-62ec6be3 elementor-widget elementor-widget-text-editor\" data-id=\"62ec6be3\" data-element_type=\"widget\" data-e-type=\"widget\" data-widget_type=\"text-editor.default\">\n\t\t\t\t<div class=\"elementor-widget-container\">\n\t\t\t\t\t\t\t\t\t<h5>Wat zijn hersengolven?<\/h5>\n<p>Het brein is voortdurend aan het communiceren. Dit gebeurt doordat hersencellen (of neuronen) \u201cvuren\u201d. Dit houdt in dat neuronen elkaar elektrische pulsen geven. Als twee gebieden herhaaldelijk met elkaar communiceren, spreken we van oscillaties. Deze pulsen kunnen snel zijn (denk aan de beat van \u201cMamma Mia!\u201d van ABBA) of langzaam (denk aan &#8220;My Heart Will Go On&#8221; van Celine Dion). Verschillende snelheden van oscillaties zijn verantwoordelijk voor het reguleren van verschillende processen. Twee van de belangrijkste oscillaties in het menselijk brein zijn Theta- en Alpha-oscillaties. In termen van \u201csnelheid\u201d is Theta veel langzamer dan Alpha (zie ook <strong>Figuur 2<\/strong>). De snelheid, ook wel de frequentie genoemd, wordt aangegeven met Hertz (Hz). E\u00e9n hertz is gelijk aan \u00e9\u00e9n cyclus per seconde.<\/p>\n<p><!-- \/wp:paragraph --><\/p>\t\t\t\t\t\t\t\t<\/div>\n\t\t\t\t<\/div>\n\t\t\t\t<div class=\"elementor-element elementor-element-47ca96b dce_masking-none elementor-widget elementor-widget-image\" data-id=\"47ca96b\" data-element_type=\"widget\" data-e-type=\"widget\" data-widget_type=\"image.default\">\n\t\t\t\t<div class=\"elementor-widget-container\">\n\t\t\t\t\t\t\t\t\t\t\t\t\t\t\t<img fetchpriority=\"high\" decoding=\"async\" width=\"800\" height=\"360\" src=\"https:\/\/babyandchild.nl\/wp-content\/uploads\/2024\/11\/Alpha-and-Theta-1024x461.png\" class=\"attachment-large size-large wp-image-8782\" alt=\"\" srcset=\"https:\/\/babyandchild.nl\/wp-content\/uploads\/2024\/11\/Alpha-and-Theta-1024x461.png 1024w, https:\/\/babyandchild.nl\/wp-content\/uploads\/2024\/11\/Alpha-and-Theta-300x135.png 300w, https:\/\/babyandchild.nl\/wp-content\/uploads\/2024\/11\/Alpha-and-Theta-768x346.png 768w, https:\/\/babyandchild.nl\/wp-content\/uploads\/2024\/11\/Alpha-and-Theta-18x8.png 18w, https:\/\/babyandchild.nl\/wp-content\/uploads\/2024\/11\/Alpha-and-Theta.png 1092w\" sizes=\"(max-width: 800px) 100vw, 800px\" \/>\t\t\t\t\t\t\t\t\t\t\t\t\t\t\t<\/div>\n\t\t\t\t<\/div>\n\t\t\t\t<div class=\"elementor-element elementor-element-6d59c0d elementor-widget elementor-widget-text-editor\" data-id=\"6d59c0d\" data-element_type=\"widget\" data-e-type=\"widget\" data-widget_type=\"text-editor.default\">\n\t\t\t\t<div class=\"elementor-widget-container\">\n\t\t\t\t\t\t\t\t\t<p>De frequentie van de Theta en Alpha oscillaties is bij baby\u2019s niet precies hetzelfde als bij volwassenen. Bij baby\u2019s zit de frequentie van de Theta-golven tussen de 2 en 5 Hz, terwijl dit bij volwassenen meestal tussen de 4 en 8 Hz ligt. Hetzelfde geldt voor de Alpha golven. Bij baby\u2019s ligt de frequentie van Alpha tussen de 6 en 9 Hz, en bij volwassenen tussen de 8 en 13 Hz.<\/p>\n<p>We zijn begonnen met het analyseren van de EEG-resultaten van het brein in rust bij 6, 9 en 12 maanden. Daarin zien we dat er bij de Theta-golven bij 9 en 12 maanden al een verschuiving zichtbaar is richting de hogere frequenties. Dus, hoe ouder de baby is, hoe hoger de frequenties, en hoe meer het dus al begint te lijken op het volwassen brein.<\/p>\n<p>Bij de Alpha-golven zien we een vergelijkbaar effect bij de kindjes van 12 maanden oud.<\/p>\n<p>De verschillen in de frequenties tussen de verschillende leeftijden zijn ook statistisch significant. Dat betekent dat het onwaarschijnlijk is dat het verschil alleen door toeval of willekeurige factoren kan worden verklaard. Er is dus een echt meetbaar effect in het brein zichtbaar tussen 6, 9 en 12 maanden oude baby\u2019s.<\/p>\t\t\t\t\t\t\t\t<\/div>\n\t\t\t\t<\/div>\n\t\t\t\t<div class=\"elementor-element elementor-element-faad179 elementor-widget elementor-widget-text-editor\" data-id=\"faad179\" data-element_type=\"widget\" data-e-type=\"widget\" data-widget_type=\"text-editor.default\">\n\t\t\t\t<div class=\"elementor-widget-container\">\n\t\t\t\t\t\t\t\t\t<h5><strong>Wat betekent dit?<\/strong><\/h5>\n<p>We weten dat Theta golven onder andere belangrijk zijn voor geheugen en aandacht voor nieuwe stimuli. Dit is bijvoorbeeld handig bij het leren van nieuwe woordjes en het bevordert de concentratie bij het luisteren naar taal: wat wordt er gezegd? welke woordjes zijn belangrijk? hoe moet ik reageren op deze woordjes?<\/p>\n<p>Alpha golven daarentegen zijn meer betrokken bij sensorische (auditieve) verwerking en cognitieve functies. Bijvoorbeeld het onderdrukken van onbelangrijke geluiden. Het is handig als je het verschil leert tussen achtergrondgeluiden en geluiden (taalklanken) van iemand die tegen je praat. Als je de achtergrondgeluiden kan negeren, dan is het veel makkelijker om je te concentreren op de taal die tegen je gesproken wordt.<\/p>\n<p>We kunnen dus zeggen dat Theta en Alpha golven gekoppeld zijn aan belangrijke processen in de hersenontwikkeling van een kind, zoals aandacht, geheugen en taal.<\/p>\n<p>En deze hersenontwikkeling hebben wij zichtbaar kunnen maken met onze EEG-studie. Wij zien zichtbare verschillen tussen 6, 9 en 12 maanden oude baby\u2019s die dus mogelijk verband houden met de taal- en cognitieontwikkeling van kinderen.<\/p>\t\t\t\t\t\t\t\t<\/div>\n\t\t\t\t<\/div>\n\t\t\t\t<div class=\"elementor-element elementor-element-76e7088 elementor-widget elementor-widget-text-editor\" data-id=\"76e7088\" data-element_type=\"widget\" data-e-type=\"widget\" data-widget_type=\"text-editor.default\">\n\t\t\t\t<div class=\"elementor-widget-container\">\n\t\t\t\t\t\t\t\t\t<h5>Hoe zit het met de andere delen van de EEG-meting?<\/h5><p>Als je het leuk vindt om meer te lezen over de andere twee EEG-taken, dan kan je klikken op \u201c<a href=\"https:\/\/babyandchild.nl\/en\/taal-in-het-babybrein\/extra-informatie-over-deel-2-en-3-van-de-eeg-meting\/\"><em>Extra informatie over deel 2 en 3 van de EEG-meting<\/em><\/a>\u201d. Daar leggen we uit welke resultaten we verwachten van de andere twee taken.<\/p>\t\t\t\t\t\t\t\t<\/div>\n\t\t\t\t<\/div>\n\t\t\t\t\t<\/div>\n\t\t<\/div>\n\t\t\t\t\t<\/div>\n\t\t<\/section>\n\t\t\t\t<\/div>","protected":false},"excerpt":{"rendered":"<p>Wat zijn hersengolven? Het brein is voortdurend aan het communiceren. Dit gebeurt doordat hersencellen (of neuronen) \u201cvuren\u201d. Dit houdt in dat neuronen elkaar elektrische pulsen geven. Als twee gebieden herhaaldelijk met elkaar communiceren, spreken we van oscillaties. Deze pulsen kunnen snel zijn (denk aan de beat van \u201cMamma Mia!\u201d van ABBA) of langzaam (denk aan [&hellip;]<\/p>\n","protected":false},"author":10,"featured_media":0,"parent":4174,"menu_order":0,"comment_status":"closed","ping_status":"closed","template":"","meta":{"_acf_changed":false,"footnotes":""},"class_list":["post-8786","page","type-page","status-publish","hentry"],"acf":[],"yoast_head":"<!-- This site is optimized with the Yoast SEO plugin v27.3 - https:\/\/yoast.com\/product\/yoast-seo-wordpress\/ -->\n<title>Extra informatie over de EEG-meting bij het brein in rust - Baby &amp; Child Research Center<\/title>\n<meta name=\"robots\" content=\"index, follow, max-snippet:-1, max-image-preview:large, max-video-preview:-1\" \/>\n<link rel=\"canonical\" href=\"https:\/\/babyandchild.nl\/en\/taal-in-het-babybrein\/extra-informatie-over-de-eeg-meting-bij-het-brein-in-rust\/\" \/>\n<meta property=\"og:locale\" content=\"en_GB\" \/>\n<meta property=\"og:type\" content=\"article\" \/>\n<meta property=\"og:title\" content=\"Extra informatie over de EEG-meting bij het brein in rust - Baby &amp; Child Research Center\" \/>\n<meta property=\"og:description\" content=\"Wat zijn hersengolven? Het brein is voortdurend aan het communiceren. Dit gebeurt doordat hersencellen (of neuronen) \u201cvuren\u201d. Dit houdt in dat neuronen elkaar elektrische pulsen geven. Als twee gebieden herhaaldelijk met elkaar communiceren, spreken we van oscillaties. Deze pulsen kunnen snel zijn (denk aan de beat van \u201cMamma Mia!\u201d van ABBA) of langzaam (denk aan [&hellip;]\" \/>\n<meta property=\"og:url\" content=\"https:\/\/babyandchild.nl\/en\/taal-in-het-babybrein\/extra-informatie-over-de-eeg-meting-bij-het-brein-in-rust\/\" \/>\n<meta property=\"og:site_name\" content=\"Baby &amp; Child Research Center\" \/>\n<meta property=\"article:modified_time\" content=\"2024-12-05T09:35:37+00:00\" \/>\n<meta property=\"og:image\" content=\"http:\/\/babyandchild.nl\/wp-content\/uploads\/2024\/11\/Alpha-and-Theta-1024x461.png\" \/>\n<meta name=\"twitter:card\" content=\"summary_large_image\" \/>\n<meta name=\"twitter:label1\" content=\"Estimated reading time\" \/>\n\t<meta name=\"twitter:data1\" content=\"3 minutes\" \/>\n<script type=\"application\/ld+json\" class=\"yoast-schema-graph\">{\"@context\":\"https:\\\/\\\/schema.org\",\"@graph\":[{\"@type\":\"WebPage\",\"@id\":\"https:\\\/\\\/babyandchild.nl\\\/taal-in-het-babybrein\\\/extra-informatie-over-de-eeg-meting-bij-het-brein-in-rust\\\/\",\"url\":\"https:\\\/\\\/babyandchild.nl\\\/taal-in-het-babybrein\\\/extra-informatie-over-de-eeg-meting-bij-het-brein-in-rust\\\/\",\"name\":\"Extra informatie over de EEG-meting bij het brein in rust - Baby &amp; Child Research Center\",\"isPartOf\":{\"@id\":\"https:\\\/\\\/babyandchild.nl\\\/#website\"},\"primaryImageOfPage\":{\"@id\":\"https:\\\/\\\/babyandchild.nl\\\/taal-in-het-babybrein\\\/extra-informatie-over-de-eeg-meting-bij-het-brein-in-rust\\\/#primaryimage\"},\"image\":{\"@id\":\"https:\\\/\\\/babyandchild.nl\\\/taal-in-het-babybrein\\\/extra-informatie-over-de-eeg-meting-bij-het-brein-in-rust\\\/#primaryimage\"},\"thumbnailUrl\":\"http:\\\/\\\/babyandchild.nl\\\/wp-content\\\/uploads\\\/2024\\\/11\\\/Alpha-and-Theta-1024x461.png\",\"datePublished\":\"2024-11-25T15:18:25+00:00\",\"dateModified\":\"2024-12-05T09:35:37+00:00\",\"breadcrumb\":{\"@id\":\"https:\\\/\\\/babyandchild.nl\\\/taal-in-het-babybrein\\\/extra-informatie-over-de-eeg-meting-bij-het-brein-in-rust\\\/#breadcrumb\"},\"inLanguage\":\"en-GB\",\"potentialAction\":[{\"@type\":\"ReadAction\",\"target\":[\"https:\\\/\\\/babyandchild.nl\\\/taal-in-het-babybrein\\\/extra-informatie-over-de-eeg-meting-bij-het-brein-in-rust\\\/\"]}]},{\"@type\":\"ImageObject\",\"inLanguage\":\"en-GB\",\"@id\":\"https:\\\/\\\/babyandchild.nl\\\/taal-in-het-babybrein\\\/extra-informatie-over-de-eeg-meting-bij-het-brein-in-rust\\\/#primaryimage\",\"url\":\"http:\\\/\\\/babyandchild.nl\\\/wp-content\\\/uploads\\\/2024\\\/11\\\/Alpha-and-Theta-1024x461.png\",\"contentUrl\":\"http:\\\/\\\/babyandchild.nl\\\/wp-content\\\/uploads\\\/2024\\\/11\\\/Alpha-and-Theta-1024x461.png\"},{\"@type\":\"BreadcrumbList\",\"@id\":\"https:\\\/\\\/babyandchild.nl\\\/taal-in-het-babybrein\\\/extra-informatie-over-de-eeg-meting-bij-het-brein-in-rust\\\/#breadcrumb\",\"itemListElement\":[{\"@type\":\"ListItem\",\"position\":1,\"name\":\"Home\",\"item\":\"https:\\\/\\\/babyandchild.nl\\\/\"},{\"@type\":\"ListItem\",\"position\":2,\"name\":\"Taal in het Babybrein Onderzoek\",\"item\":\"https:\\\/\\\/babyandchild.nl\\\/taal-in-het-babybrein\\\/\"},{\"@type\":\"ListItem\",\"position\":3,\"name\":\"Extra informatie over de EEG-meting bij het brein in rust\"}]},{\"@type\":\"WebSite\",\"@id\":\"https:\\\/\\\/babyandchild.nl\\\/#website\",\"url\":\"https:\\\/\\\/babyandchild.nl\\\/\",\"name\":\"Baby &amp; Child Research Center\",\"description\":\"\",\"publisher\":{\"@id\":\"https:\\\/\\\/babyandchild.nl\\\/#organization\"},\"potentialAction\":[{\"@type\":\"SearchAction\",\"target\":{\"@type\":\"EntryPoint\",\"urlTemplate\":\"https:\\\/\\\/babyandchild.nl\\\/?s={search_term_string}\"},\"query-input\":{\"@type\":\"PropertyValueSpecification\",\"valueRequired\":true,\"valueName\":\"search_term_string\"}}],\"inLanguage\":\"en-GB\"},{\"@type\":\"Organization\",\"@id\":\"https:\\\/\\\/babyandchild.nl\\\/#organization\",\"name\":\"Baby &amp; Child Research Center\",\"url\":\"https:\\\/\\\/babyandchild.nl\\\/\",\"logo\":{\"@type\":\"ImageObject\",\"inLanguage\":\"en-GB\",\"@id\":\"https:\\\/\\\/babyandchild.nl\\\/#\\\/schema\\\/logo\\\/image\\\/\",\"url\":\"https:\\\/\\\/babyandchild.nl\\\/wp-content\\\/uploads\\\/2021\\\/04\\\/babyandchild-logo.svg\",\"contentUrl\":\"https:\\\/\\\/babyandchild.nl\\\/wp-content\\\/uploads\\\/2021\\\/04\\\/babyandchild-logo.svg\",\"caption\":\"Baby &amp; Child Research Center\"},\"image\":{\"@id\":\"https:\\\/\\\/babyandchild.nl\\\/#\\\/schema\\\/logo\\\/image\\\/\"}}]}<\/script>\n<!-- \/ Yoast SEO plugin. -->","yoast_head_json":{"title":"Extra informatie over de EEG-meting bij het brein in rust - Baby &amp; Child Research Center","robots":{"index":"index","follow":"follow","max-snippet":"max-snippet:-1","max-image-preview":"max-image-preview:large","max-video-preview":"max-video-preview:-1"},"canonical":"https:\/\/babyandchild.nl\/en\/taal-in-het-babybrein\/extra-informatie-over-de-eeg-meting-bij-het-brein-in-rust\/","og_locale":"en_GB","og_type":"article","og_title":"Extra informatie over de EEG-meting bij het brein in rust - Baby &amp; Child Research Center","og_description":"Wat zijn hersengolven? Het brein is voortdurend aan het communiceren. Dit gebeurt doordat hersencellen (of neuronen) \u201cvuren\u201d. Dit houdt in dat neuronen elkaar elektrische pulsen geven. Als twee gebieden herhaaldelijk met elkaar communiceren, spreken we van oscillaties. Deze pulsen kunnen snel zijn (denk aan de beat van \u201cMamma Mia!\u201d van ABBA) of langzaam (denk aan [&hellip;]","og_url":"https:\/\/babyandchild.nl\/en\/taal-in-het-babybrein\/extra-informatie-over-de-eeg-meting-bij-het-brein-in-rust\/","og_site_name":"Baby &amp; Child Research Center","article_modified_time":"2024-12-05T09:35:37+00:00","og_image":[{"url":"http:\/\/babyandchild.nl\/wp-content\/uploads\/2024\/11\/Alpha-and-Theta-1024x461.png","type":"","width":"","height":""}],"twitter_card":"summary_large_image","twitter_misc":{"Estimated reading time":"3 minutes"},"schema":{"@context":"https:\/\/schema.org","@graph":[{"@type":"WebPage","@id":"https:\/\/babyandchild.nl\/taal-in-het-babybrein\/extra-informatie-over-de-eeg-meting-bij-het-brein-in-rust\/","url":"https:\/\/babyandchild.nl\/taal-in-het-babybrein\/extra-informatie-over-de-eeg-meting-bij-het-brein-in-rust\/","name":"Extra informatie over de EEG-meting bij het brein in rust - Baby &amp; Child Research Center","isPartOf":{"@id":"https:\/\/babyandchild.nl\/#website"},"primaryImageOfPage":{"@id":"https:\/\/babyandchild.nl\/taal-in-het-babybrein\/extra-informatie-over-de-eeg-meting-bij-het-brein-in-rust\/#primaryimage"},"image":{"@id":"https:\/\/babyandchild.nl\/taal-in-het-babybrein\/extra-informatie-over-de-eeg-meting-bij-het-brein-in-rust\/#primaryimage"},"thumbnailUrl":"http:\/\/babyandchild.nl\/wp-content\/uploads\/2024\/11\/Alpha-and-Theta-1024x461.png","datePublished":"2024-11-25T15:18:25+00:00","dateModified":"2024-12-05T09:35:37+00:00","breadcrumb":{"@id":"https:\/\/babyandchild.nl\/taal-in-het-babybrein\/extra-informatie-over-de-eeg-meting-bij-het-brein-in-rust\/#breadcrumb"},"inLanguage":"en-GB","potentialAction":[{"@type":"ReadAction","target":["https:\/\/babyandchild.nl\/taal-in-het-babybrein\/extra-informatie-over-de-eeg-meting-bij-het-brein-in-rust\/"]}]},{"@type":"ImageObject","inLanguage":"en-GB","@id":"https:\/\/babyandchild.nl\/taal-in-het-babybrein\/extra-informatie-over-de-eeg-meting-bij-het-brein-in-rust\/#primaryimage","url":"http:\/\/babyandchild.nl\/wp-content\/uploads\/2024\/11\/Alpha-and-Theta-1024x461.png","contentUrl":"http:\/\/babyandchild.nl\/wp-content\/uploads\/2024\/11\/Alpha-and-Theta-1024x461.png"},{"@type":"BreadcrumbList","@id":"https:\/\/babyandchild.nl\/taal-in-het-babybrein\/extra-informatie-over-de-eeg-meting-bij-het-brein-in-rust\/#breadcrumb","itemListElement":[{"@type":"ListItem","position":1,"name":"Home","item":"https:\/\/babyandchild.nl\/"},{"@type":"ListItem","position":2,"name":"Taal in het Babybrein Onderzoek","item":"https:\/\/babyandchild.nl\/taal-in-het-babybrein\/"},{"@type":"ListItem","position":3,"name":"Extra informatie over de EEG-meting bij het brein in rust"}]},{"@type":"WebSite","@id":"https:\/\/babyandchild.nl\/#website","url":"https:\/\/babyandchild.nl\/","name":"Baby &amp; Child Research Center","description":"","publisher":{"@id":"https:\/\/babyandchild.nl\/#organization"},"potentialAction":[{"@type":"SearchAction","target":{"@type":"EntryPoint","urlTemplate":"https:\/\/babyandchild.nl\/?s={search_term_string}"},"query-input":{"@type":"PropertyValueSpecification","valueRequired":true,"valueName":"search_term_string"}}],"inLanguage":"en-GB"},{"@type":"Organization","@id":"https:\/\/babyandchild.nl\/#organization","name":"Baby &amp; Child Research Center","url":"https:\/\/babyandchild.nl\/","logo":{"@type":"ImageObject","inLanguage":"en-GB","@id":"https:\/\/babyandchild.nl\/#\/schema\/logo\/image\/","url":"https:\/\/babyandchild.nl\/wp-content\/uploads\/2021\/04\/babyandchild-logo.svg","contentUrl":"https:\/\/babyandchild.nl\/wp-content\/uploads\/2021\/04\/babyandchild-logo.svg","caption":"Baby &amp; Child Research Center"},"image":{"@id":"https:\/\/babyandchild.nl\/#\/schema\/logo\/image\/"}}]}},"_links":{"self":[{"href":"https:\/\/babyandchild.nl\/en\/wp-json\/wp\/v2\/pages\/8786","targetHints":{"allow":["GET"]}}],"collection":[{"href":"https:\/\/babyandchild.nl\/en\/wp-json\/wp\/v2\/pages"}],"about":[{"href":"https:\/\/babyandchild.nl\/en\/wp-json\/wp\/v2\/types\/page"}],"author":[{"embeddable":true,"href":"https:\/\/babyandchild.nl\/en\/wp-json\/wp\/v2\/users\/10"}],"replies":[{"embeddable":true,"href":"https:\/\/babyandchild.nl\/en\/wp-json\/wp\/v2\/comments?post=8786"}],"version-history":[{"count":10,"href":"https:\/\/babyandchild.nl\/en\/wp-json\/wp\/v2\/pages\/8786\/revisions"}],"predecessor-version":[{"id":8899,"href":"https:\/\/babyandchild.nl\/en\/wp-json\/wp\/v2\/pages\/8786\/revisions\/8899"}],"up":[{"embeddable":true,"href":"https:\/\/babyandchild.nl\/en\/wp-json\/wp\/v2\/pages\/4174"}],"wp:attachment":[{"href":"https:\/\/babyandchild.nl\/en\/wp-json\/wp\/v2\/media?parent=8786"}],"curies":[{"name":"wp","href":"https:\/\/api.w.org\/{rel}","templated":true}]}}